{"id":2160,"date":"2025-03-26T08:36:32","date_gmt":"2025-03-26T08:36:32","guid":{"rendered":"https:\/\/clinicabonaque.es\/?page_id=2160"},"modified":"2025-10-29T09:01:44","modified_gmt":"2025-10-29T09:01:44","slug":"vacusport","status":"publish","type":"page","link":"https:\/\/clinicabonaque.es\/en\/vacusport\/","title":{"rendered":"Vacusport"},"content":{"rendered":"<div data-elementor-type=\"wp-page\" data-elementor-id=\"2160\" class=\"elementor elementor-2160\" data-elementor-post-type=\"page\">\n\t\t\t\t\t\t<section class=\"elementor-section elementor-top-section elementor-element elementor-element-79aaf40c elementor-section-boxed elementor-section-height-default elementor-section-height-default\" data-id=\"79aaf40c\" data-element_type=\"section\" data-settings=\"{&quot;background_background&quot;:&quot;classic&quot;}\">\n\t\t\t\t\t\t<div class=\"elementor-container elementor-column-gap-default\">\n\t\t\t\t\t<div class=\"elementor-column elementor-col-50 elementor-top-column elementor-element elementor-element-631abdd3\" data-id=\"631abdd3\" data-element_type=\"column\" data-settings=\"{&quot;animation&quot;:&quot;none&quot;}\">\n\t\t\t<div class=\"elementor-widget-wrap elementor-element-populated\">\n\t\t\t\t\t\t<div class=\"elementor-element elementor-element-8d69f55 elementor-widget elementor-widget-spacer\" data-id=\"8d69f55\" data-element_type=\"widget\" data-widget_type=\"spacer.default\">\n\t\t\t\t<div class=\"elementor-widget-container\">\n\t\t\t\t\t\t\t<div class=\"elementor-spacer\">\n\t\t\t<div class=\"elementor-spacer-inner\"><\/div>\n\t\t<\/div>\n\t\t\t\t\t\t<\/div>\n\t\t\t\t<\/div>\n\t\t\t\t<div class=\"elementor-element elementor-element-2dccbcfb elementor-widget elementor-widget-heading\" data-id=\"2dccbcfb\" data-element_type=\"widget\" data-settings=\"{&quot;_animation&quot;:&quot;none&quot;}\" data-widget_type=\"heading.default\">\n\t\t\t\t<div class=\"elementor-widget-container\">\n\t\t\t\t\t<h4 class=\"elementor-heading-title elementor-size-default\">Vacusport<\/h4>\t\t\t\t<\/div>\n\t\t\t\t<\/div>\n\t\t\t\t<div class=\"elementor-element elementor-element-eb1073f elementor-widget elementor-widget-heading\" data-id=\"eb1073f\" data-element_type=\"widget\" data-settings=\"{&quot;_animation&quot;:&quot;none&quot;}\" data-widget_type=\"heading.default\">\n\t\t\t\t<div class=\"elementor-widget-container\">\n\t\t\t\t\t<h2 class=\"elementor-heading-title elementor-size-default\">Recovery and Sports Performance<\/h2>\t\t\t\t<\/div>\n\t\t\t\t<\/div>\n\t\t\t\t<div class=\"elementor-element elementor-element-5a2aca2 elementor-widget elementor-widget-text-editor\" data-id=\"5a2aca2\" data-element_type=\"widget\" data-widget_type=\"text-editor.default\">\n\t\t\t\t<div class=\"elementor-widget-container\">\n\t\t\t\t\t\t\t\t\t<p>- <strong data-start=\"60\" data-end=\"75\">Vacusport<\/strong> is an advanced technology that uses intermittent vacuum therapy to improve circulation, reduce inflammation, and accelerate muscle recovery. It is ideal for athletes and patients with muscle or circulatory injuries, as it helps regenerate tissues, reduce pain, and optimise physical performance.<\/p>\t\t\t\t\t\t\t\t<\/div>\n\t\t\t\t<\/div>\n\t\t\t\t<div class=\"elementor-element elementor-element-1e1d4057 elementor-widget__width-auto elementor-mobile-align-justify elementor-widget-mobile__width-inherit elementor-invisible elementor-widget elementor-widget-button\" data-id=\"1e1d4057\" data-element_type=\"widget\" data-settings=\"{&quot;_animation&quot;:&quot;fadeInUp&quot;,&quot;_animation_delay&quot;:&quot;400&quot;}\" data-widget_type=\"button.default\">\n\t\t\t\t<div class=\"elementor-widget-container\">\n\t\t\t\t\t\t\t\t\t<div class=\"elementor-button-wrapper\">\n\t\t\t\t\t<a class=\"elementor-button elementor-button-link elementor-size-sm\" href=\"https:\/\/api.whatsapp.com\/send?phone=647077400&#038;text=Hola,%20me%20gustar%C3%ADa%20pedir%20una%20cita\">\n\t\t\t\t\t\t<span class=\"elementor-button-content-wrapper\">\n\t\t\t\t\t\t\t\t\t<span class=\"elementor-button-text\">Get Informed Without Obligation<\/span>\n\t\t\t\t\t<\/span>\n\t\t\t\t\t<\/a>\n\t\t\t\t<\/div>\n\t\t\t\t\t\t\t\t<\/div>\n\t\t\t\t<\/div>\n\t\t\t\t\t<\/div>\n\t\t<\/div>\n\t\t\t\t<div class=\"elementor-column elementor-col-50 elementor-top-column elementor-element elementor-element-6bfd0e16 elementor-hidden-tablet elementor-hidden-mobile\" data-id=\"6bfd0e16\" data-element_type=\"column\">\n\t\t\t<div class=\"elementor-widget-wrap elementor-element-populated\">\n\t\t\t\t\t\t<div class=\"elementor-element elementor-element-ea72bb0 elementor-widget elementor-widget-spacer\" data-id=\"ea72bb0\" data-element_type=\"widget\" data-widget_type=\"spacer.default\">\n\t\t\t\t<div class=\"elementor-widget-container\">\n\t\t\t\t\t\t\t<div class=\"elementor-spacer\">\n\t\t\t<div class=\"elementor-spacer-inner\"><\/div>\n\t\t<\/div>\n\t\t\t\t\t\t<\/div>\n\t\t\t\t<\/div>\n\t\t\t\t<div class=\"elementor-element elementor-element-a5d240a elementor-widget elementor-widget-image\" data-id=\"a5d240a\" data-element_type=\"widget\" data-widget_type=\"image.default\">\n\t\t\t\t<div class=\"elementor-widget-container\">\n\t\t\t\t\t\t\t\t\t\t\t\t\t\t\t<img fetchpriority=\"high\" decoding=\"async\" width=\"800\" height=\"450\" src=\"https:\/\/clinicabonaque.es\/wp-content\/uploads\/2025\/03\/R__0002_03_VACUMED-1024x576.png\" class=\"attachment-large size-large wp-image-2163\" alt=\"\" srcset=\"https:\/\/clinicabonaque.es\/wp-content\/uploads\/2025\/03\/R__0002_03_VACUMED-1024x576.png 1024w, https:\/\/clinicabonaque.es\/wp-content\/uploads\/2025\/03\/R__0002_03_VACUMED-300x169.png 300w, https:\/\/clinicabonaque.es\/wp-content\/uploads\/2025\/03\/R__0002_03_VACUMED-768x432.png 768w, https:\/\/clinicabonaque.es\/wp-content\/uploads\/2025\/03\/R__0002_03_VACUMED-1536x864.png 1536w, https:\/\/clinicabonaque.es\/wp-content\/uploads\/2025\/03\/R__0002_03_VACUMED.png 1920w\" sizes=\"(max-width: 800px) 100vw, 800px\" \/>\t\t\t\t\t\t\t\t\t\t\t\t\t\t\t<\/div>\n\t\t\t\t<\/div>\n\t\t\t\t\t<\/div>\n\t\t<\/div>\n\t\t\t\t\t<\/div>\n\t\t<\/section>\n\t\t<div class=\"elementor-element elementor-element-53bebe3 e-flex e-con-boxed e-con e-parent\" data-id=\"53bebe3\" data-element_type=\"container\">\n\t\t\t\t\t<div class=\"e-con-inner\">\n\t\t\t\t<div class=\"elementor-element elementor-element-cdf7ccc elementor-widget elementor-widget-heading\" data-id=\"cdf7ccc\" data-element_type=\"widget\" data-widget_type=\"heading.default\">\n\t\t\t\t<div class=\"elementor-widget-container\">\n\t\t\t\t\t<h2 class=\"elementor-heading-title elementor-size-default\">Quick recovery, maximum performance.<\/h2>\t\t\t\t<\/div>\n\t\t\t\t<\/div>\n\t\t\t\t\t<\/div>\n\t\t\t\t<\/div>\n\t\t<div class=\"elementor-element elementor-element-37c6f132 e-flex e-con-boxed e-con e-parent\" data-id=\"37c6f132\" data-element_type=\"container\">\n\t\t\t\t\t<div class=\"e-con-inner\">\n\t\t<div class=\"elementor-element elementor-element-3f5d4f07 e-con-full e-flex e-con e-child\" data-id=\"3f5d4f07\" data-element_type=\"container\">\n\t\t\t\t<div class=\"elementor-element elementor-element-4f450e9f elementor-widget__width-initial elementor-widget-mobile__width-inherit ekit-equal-height-disable elementor-widget elementor-widget-elementskit-image-box\" data-id=\"4f450e9f\" data-element_type=\"widget\" data-widget_type=\"elementskit-image-box.default\">\n\t\t\t\t<div class=\"elementor-widget-container\">\n\t\t\t\t\t<div class=\"ekit-wid-con\" >\n            <div class=\"elementskit-info-image-box ekit-image-box text-left style-sideline\" >\n\n                \n                <div class=\"elementskit-box-header image-box-img-left\">\n\n                    <img decoding=\"async\" width=\"800\" height=\"464\" src=\"https:\/\/clinicabonaque.es\/wp-content\/uploads\/2025\/03\/2-1-1024x594.png\" class=\"attachment-large size-large wp-image-2167\" alt=\"\" srcset=\"https:\/\/clinicabonaque.es\/wp-content\/uploads\/2025\/03\/2-1-1024x594.png 1024w, https:\/\/clinicabonaque.es\/wp-content\/uploads\/2025\/03\/2-1-300x174.png 300w, https:\/\/clinicabonaque.es\/wp-content\/uploads\/2025\/03\/2-1-768x446.png 768w, https:\/\/clinicabonaque.es\/wp-content\/uploads\/2025\/03\/2-1.png 1034w\" sizes=\"(max-width: 800px) 100vw, 800px\" \/>\n                <\/div>\n                \n                <div class=\"elementskit-box-body ekit-image-box-body\">\n                    <div class=\"elementskit-box-content ekit-image-box-body-inner\">\n                                                <h3 class=\"elementskit-info-box-title\">\n\n                        Improves Circulation and Oxygenation\n                        \n                    <\/h3>\n                                                            <div class=\"elementskit-box-style-content\">\n                        VacuSport utiliza terapia de vac\u00edo intermitente para estimular el flujo sangu\u00edneo en las extremidades. Esto permite que los m\u00fasculos y tejidos reciban m\u00e1s ox\u00edgeno y nutrientes, favoreciendo una recuperaci\u00f3n m\u00e1s r\u00e1pida y efectiva.                    <\/div>\n                                    <\/div>\n\n                            <\/div>\n            <\/div>\n    <\/div>\t\t\t\t<\/div>\n\t\t\t\t<\/div>\n\t\t\t\t<div class=\"elementor-element elementor-element-2a2e13fc elementor-widget__width-initial elementor-widget-mobile__width-inherit ekit-equal-height-disable elementor-widget elementor-widget-elementskit-image-box\" data-id=\"2a2e13fc\" data-element_type=\"widget\" data-widget_type=\"elementskit-image-box.default\">\n\t\t\t\t<div class=\"elementor-widget-container\">\n\t\t\t\t\t<div class=\"ekit-wid-con\" >\n            <div class=\"elementskit-info-image-box ekit-image-box text-left style-sideline\" >\n\n                \n                <div class=\"elementskit-box-header image-box-img-left\">\n\n                    <img decoding=\"async\" width=\"800\" height=\"464\" src=\"https:\/\/clinicabonaque.es\/wp-content\/uploads\/2025\/02\/vacumed-1024x594.png\" class=\"attachment-large size-large wp-image-1120\" alt=\"\" srcset=\"https:\/\/clinicabonaque.es\/wp-content\/uploads\/2025\/02\/vacumed-1024x594.png 1024w, https:\/\/clinicabonaque.es\/wp-content\/uploads\/2025\/02\/vacumed-300x174.png 300w, https:\/\/clinicabonaque.es\/wp-content\/uploads\/2025\/02\/vacumed-768x446.png 768w, https:\/\/clinicabonaque.es\/wp-content\/uploads\/2025\/02\/vacumed.png 1034w\" sizes=\"(max-width: 800px) 100vw, 800px\" \/>\n                <\/div>\n                \n                <div class=\"elementskit-box-body ekit-image-box-body\">\n                    <div class=\"elementskit-box-content ekit-image-box-body-inner\">\n                                                <h3 class=\"elementskit-info-box-title\">\n\n                        Reduces Inflammation and Pain\n                        \n                    <\/h3>\n                                                            <div class=\"elementskit-box-style-content\">\n                        By improving circulation, toxins and accumulated fluids are eliminated more quickly from the tissues. This reduces inflammation and relieves muscle or joint pain, making it ideal for athletes or individuals with injuries.                    <\/div>\n                                    <\/div>\n\n                            <\/div>\n            <\/div>\n    <\/div>\t\t\t\t<\/div>\n\t\t\t\t<\/div>\n\t\t\t\t<div class=\"elementor-element elementor-element-20367f81 elementor-widget__width-initial elementor-widget-mobile__width-inherit ekit-equal-height-disable elementor-widget elementor-widget-elementskit-image-box\" data-id=\"20367f81\" data-element_type=\"widget\" data-widget_type=\"elementskit-image-box.default\">\n\t\t\t\t<div class=\"elementor-widget-container\">\n\t\t\t\t\t<div class=\"ekit-wid-con\" >\n            <div class=\"elementskit-info-image-box ekit-image-box text-left style-sideline\" >\n\n                \n                <div class=\"elementskit-box-header image-box-img-left\">\n\n                    <img loading=\"lazy\" decoding=\"async\" width=\"800\" height=\"464\" src=\"https:\/\/clinicabonaque.es\/wp-content\/uploads\/2025\/03\/1-1-1024x594.png\" class=\"attachment-large size-large wp-image-2168\" alt=\"\" srcset=\"https:\/\/clinicabonaque.es\/wp-content\/uploads\/2025\/03\/1-1-1024x594.png 1024w, https:\/\/clinicabonaque.es\/wp-content\/uploads\/2025\/03\/1-1-300x174.png 300w, https:\/\/clinicabonaque.es\/wp-content\/uploads\/2025\/03\/1-1-768x446.png 768w, https:\/\/clinicabonaque.es\/wp-content\/uploads\/2025\/03\/1-1.png 1034w\" sizes=\"(max-width: 800px) 100vw, 800px\" \/>\n                <\/div>\n                \n                <div class=\"elementskit-box-body ekit-image-box-body\">\n                    <div class=\"elementskit-box-content ekit-image-box-body-inner\">\n                                                <h3 class=\"elementskit-info-box-title\">\n\n                        Accelerates Recovery and Physical Performance\n                        \n                    <\/h3>\n                                                            <div class=\"elementskit-box-style-content\">\n                        Gracias a su efecto regenerador, Vacusport ayuda a que los m\u00fasculos se reparen m\u00e1s r\u00e1pido despu\u00e9s de una actividad intensa. Esto permite entrenar con mayor frecuencia, reducir el riesgo de lesiones y mejorar el rendimiento deportivo.                    <\/div>\n                                    <\/div>\n\n                            <\/div>\n            <\/div>\n    <\/div>\t\t\t\t<\/div>\n\t\t\t\t<\/div>\n\t\t\t\t<\/div>\n\t\t\t\t\t<\/div>\n\t\t\t\t<\/div>\n\t\t<div class=\"elementor-element elementor-element-7e489c1f e-flex e-con-boxed e-con e-parent\" data-id=\"7e489c1f\" data-element_type=\"container\" data-settings=\"{&quot;background_background&quot;:&quot;classic&quot;}\">\n\t\t\t\t\t<div class=\"e-con-inner\">\n\t\t\t\t<div class=\"elementor-element elementor-element-735b504 elementor-widget elementor-widget-elementskit-heading\" data-id=\"735b504\" data-element_type=\"widget\" data-widget_type=\"elementskit-heading.default\">\n\t\t\t\t<div class=\"elementor-widget-container\">\n\t\t\t\t\t<div class=\"ekit-wid-con\" ><div class=\"ekit-heading elementskit-section-title-wraper text_left   ekit_heading_tablet-   ekit_heading_mobile-\"><h2 class=\"ekit-heading--title elementskit-section-title\">\u00bfC\u00f3mo son las sesiones de VacuSport?<\/h2><div class=\"ekit_heading_separetor_wraper ekit_heading_elementskit-border-divider\"><div class=\"elementskit-border-divider\"><\/div><\/div>\t\t\t\t<div class='ekit-heading__description'>\n\t\t\t\t\t<p class=\"\">- <strong>VacuSport<\/strong> sessions are comfortable and non-invasive. The patient is placed inside a tube-shaped device, where the lower body is sealed within the vacuum system. Depending on the treatment goal, each session lasts between <strong>20 and 30 minutes<\/strong> and can be performed several times a week.<\/p>\n<p class=\"\">During the session, <strong>the device alternates between vacuum and high pressure in controlled cycles,<\/strong> creating a pumping effect on blood and lymphatic circulation. This promotes muscle recovery, reduces inflammation, and improves physical performance.<\/p>\n\t\t\t\t<\/div>\n\t\t\t<\/div><\/div>\t\t\t\t<\/div>\n\t\t\t\t<\/div>\n\t\t\t\t<div class=\"elementor-element elementor-element-e248c73 elementor-widget elementor-widget-text-editor\" data-id=\"e248c73\" data-element_type=\"widget\" data-widget_type=\"text-editor.default\">\n\t\t\t\t<div class=\"elementor-widget-container\">\n\t\t\t\t\t\t\t\t\t<p class=\"translation-block\" data-start=\"720\" data-end=\"1007\">The technologies of Weyergans, Vacumed, and Vacusport have been designed for use in clinics, rehabilitation centres, and high-performance sports teams. They utilise an alternating pressure system to enhance circulation and accelerate muscle recovery.<\/p><ol data-start=\"1009\" data-end=\"2289\"><li class=\"\" data-start=\"1009\" data-end=\"1395\"><p class=\"\" data-start=\"1012\" data-end=\"1048\"><strong data-start=\"1012\" data-end=\"1046\">Alternating Vacuum and Pressure<\/strong><\/p><ul data-start=\"1052\" data-end=\"1395\"><li class=\"\" data-start=\"1052\" data-end=\"1213\"><p class=\"translation-block\" data-start=\"1054\" data-end=\"1213\">The device creates cycles of vacuum (negative pressure) and high pressure (positive pressure) within the tube where the lower body is positioned.<\/p><\/li><li class=\"\" data-start=\"1217\" data-end=\"1395\"><p class=\"translation-block\" data-start=\"1219\" data-end=\"1395\">These pressure changes cause the blood and lymphatic vessels to dilate and contract, creating a pumping effect that improves blood and lymph flow.<\/p><\/li><\/ul><\/li><li class=\"\" data-start=\"1397\" data-end=\"1899\"><p class=\"\" data-start=\"1400\" data-end=\"1451\"><strong data-start=\"1400\" data-end=\"1449\">Alternating Vacuum and Pressure<\/strong><\/p><ul data-start=\"1455\" data-end=\"1899\"><li class=\"\" data-start=\"1455\" data-end=\"1597\"><p class=\"translation-block\" data-start=\"1457\" data-end=\"1597\">The device creates cycles of vacuum (negative pressure) and high pressure (positive pressure) within the tube where the lower body is positioned.<\/p><\/li><li class=\"\" data-start=\"1601\" data-end=\"1742\"><p class=\"translation-block\" data-start=\"1603\" data-end=\"1742\">The positive pressure helps reduce the accumulation of fluids and toxins in the muscles, promoting deep lymphatic drainage.<\/p><\/li><li class=\"\" data-start=\"1746\" data-end=\"1899\"><p class=\"translation-block\" data-start=\"1748\" data-end=\"1899\">These forces also stimulate endothelial and neural tissues, which can enhance cellular regeneration and reduce muscle fatigue.<\/p><\/li><\/ul><\/li><li class=\"\" data-start=\"1901\" data-end=\"2289\"><p class=\"\" data-start=\"1904\" data-end=\"1951\"><strong data-start=\"1904\" data-end=\"1949\">Increased Capillarisation and Physical Performance<\/strong><\/p><ul data-start=\"1955\" data-end=\"2289\"><li class=\"\" data-start=\"1955\" data-end=\"2128\"><p class=\"translation-block\" data-start=\"1957\" data-end=\"2128\">With continuous sessions, the body can develop new blood capillaries (capillarisation), improving the delivery of oxygen and nutrients to the muscles.<\/p><\/li><li class=\"\" data-start=\"2132\" data-end=\"2289\"><p class=\"translation-block\" data-start=\"2134\" data-end=\"2289\">This is crucial for athletes, as it enables them to absorb more oxygen, improve endurance, and recover faster after physical exertion.<\/p><\/li><\/ul><\/li><\/ol>\t\t\t\t\t\t\t\t<\/div>\n\t\t\t\t<\/div>\n\t\t\t\t\t<\/div>\n\t\t\t\t<\/div>\n\t\t<div class=\"elementor-element elementor-element-75fc1108 e-flex e-con-boxed e-con e-parent\" data-id=\"75fc1108\" data-element_type=\"container\" data-settings=\"{&quot;background_background&quot;:&quot;gradient&quot;}\">\n\t\t\t\t\t<div class=\"e-con-inner\">\n\t\t\t\t<div class=\"elementor-element elementor-element-1812521c elementor-widget elementor-widget-elementskit-heading\" data-id=\"1812521c\" data-element_type=\"widget\" data-widget_type=\"elementskit-heading.default\">\n\t\t\t\t<div class=\"elementor-widget-container\">\n\t\t\t\t\t<div class=\"ekit-wid-con\" ><div class=\"ekit-heading elementskit-section-title-wraper center   ekit_heading_tablet-   ekit_heading_mobile-\"><h2 class=\"ekit-heading--title elementskit-section-title\">Frequently Asked Questions<\/h2><div class=\"ekit_heading_separetor_wraper ekit_heading_elementskit-border-divider\"><div class=\"elementskit-border-divider\"><\/div><\/div>\t\t\t\t<div class='ekit-heading__description'>\n\t\t\t\t\t<p class=\"translation-block\">At Cl\u00ednicaBonaque\u00ae, we understand that questions may arise regarding our services, treatments, and processes. Here, we answer the most common questions to provide you with all the information you need.<\/p>\n\t\t\t\t<\/div>\n\t\t\t<\/div><\/div>\t\t\t\t<\/div>\n\t\t\t\t<\/div>\n\t\t<div class=\"elementor-element elementor-element-499c9335 e-con-full e-flex e-con e-child\" data-id=\"499c9335\" data-element_type=\"container\">\n\t\t\t\t<div class=\"elementor-element elementor-element-3629e655 elementor-widget__width-initial elementor-widget-mobile__width-initial elementor-widget elementor-widget-elementskit-faq\" data-id=\"3629e655\" data-element_type=\"widget\" data-widget_type=\"elementskit-faq.default\">\n\t\t\t\t<div class=\"elementor-widget-container\">\n\t\t\t\t\t<div class=\"ekit-wid-con\" >\n                <div class=\"elementskit-single-faq elementor-repeater-item-63aafb5\">\n            <div class=\"elementskit-faq-header\">\n                <h2 class=\"elementskit-faq-title\">\u00bfC\u00f3mo funciona VacuSport?<\/h2>\n            <\/div>\n            <div class=\"elementskit-faq-body\">\n                It alternates between vacuum and pressure to stimulate blood and lymphatic circulation, favouring muscle recovery and oxygenation of tissues.            <\/div>\n        <\/div>\n                <div class=\"elementskit-single-faq elementor-repeater-item-0b409b8\">\n            <div class=\"elementskit-faq-header\">\n                <h2 class=\"elementskit-faq-title\">Who is it recommended for?<\/h2>\n            <\/div>\n            <div class=\"elementskit-faq-body\">\n                It is ideal for athletes, individuals with muscle injuries, circulatory problems, or those looking to improve their physical recovery.            <\/div>\n        <\/div>\n                <div class=\"elementskit-single-faq elementor-repeater-item-b5584c6\">\n            <div class=\"elementskit-faq-header\">\n                <h2 class=\"elementskit-faq-title\">How long does a session last?<\/h2>\n            <\/div>\n            <div class=\"elementskit-faq-body\">\n                Each session lasts between 20 and 30 minutes, depending on the treatment goal.            <\/div>\n        <\/div>\n                \n    <\/div>\t\t\t\t<\/div>\n\t\t\t\t<\/div>\n\t\t\t\t<div class=\"elementor-element elementor-element-63f347bc elementor-widget elementor-widget-elementskit-faq\" data-id=\"63f347bc\" data-element_type=\"widget\" data-widget_type=\"elementskit-faq.default\">\n\t\t\t\t<div class=\"elementor-widget-container\">\n\t\t\t\t\t<div class=\"ekit-wid-con\" >\n                <div class=\"elementskit-single-faq elementor-repeater-item-7a88ea4\">\n            <div class=\"elementskit-faq-header\">\n                <h2 class=\"elementskit-faq-title\">Is the treatment painful?<\/h2>\n            <\/div>\n            <div class=\"elementskit-faq-body\">\n                No, it is completely painless and relaxing. Patients only feel a slight alternating pressure on their legs.            <\/div>\n        <\/div>\n                <div class=\"elementskit-single-faq elementor-repeater-item-d516051\">\n            <div class=\"elementskit-faq-header\">\n                <h2 class=\"elementskit-faq-title\">How many sessions are recommended?<\/h2>\n            <\/div>\n            <div class=\"elementskit-faq-body\">\n                It depends on each case, but generally, 2 to 3 sessions per week are recommended for optimal results.            <\/div>\n        <\/div>\n                <div class=\"elementskit-single-faq elementor-repeater-item-cd86135\">\n            <div class=\"elementskit-faq-header\">\n                <h2 class=\"elementskit-faq-title\">When will the effects start to show?<\/h2>\n            <\/div>\n            <div class=\"elementskit-faq-body\">\n                Many patients feel relief and improved circulation from the first session, and the benefits increase with continuous treatment.            <\/div>\n        <\/div>\n                \n    <\/div>\t\t\t\t<\/div>\n\t\t\t\t<\/div>\n\t\t\t\t<\/div>\n\t\t\t\t\t<\/div>\n\t\t\t\t<\/div>\n\t\t<div class=\"elementor-element elementor-element-865b819 e-flex e-con-boxed e-con e-parent\" data-id=\"865b819\" data-element_type=\"container\">\n\t\t\t\t\t<div class=\"e-con-inner\">\n\t\t\t\t<div class=\"elementor-element elementor-element-2dbc3bb elementor-widget elementor-widget-spacer\" data-id=\"2dbc3bb\" data-element_type=\"widget\" data-widget_type=\"spacer.default\">\n\t\t\t\t<div class=\"elementor-widget-container\">\n\t\t\t\t\t\t\t<div class=\"elementor-spacer\">\n\t\t\t<div class=\"elementor-spacer-inner\"><\/div>\n\t\t<\/div>\n\t\t\t\t\t\t<\/div>\n\t\t\t\t<\/div>\n\t\t\t\t<div class=\"elementor-element elementor-element-e2cac62 elementor-widget elementor-widget-image\" data-id=\"e2cac62\" data-element_type=\"widget\" data-widget_type=\"image.default\">\n\t\t\t\t<div class=\"elementor-widget-container\">\n\t\t\t\t\t\t\t\t\t\t\t\t\t\t\t<img loading=\"lazy\" decoding=\"async\" width=\"800\" height=\"451\" src=\"https:\/\/clinicabonaque.es\/wp-content\/uploads\/2025\/03\/products1698827142337-csm_vacumed_UEberlagerung_16-9_ea7bb1cbef-1024x577.jpg\" class=\"attachment-large size-large wp-image-2165\" alt=\"\" srcset=\"https:\/\/clinicabonaque.es\/wp-content\/uploads\/2025\/03\/products1698827142337-csm_vacumed_UEberlagerung_16-9_ea7bb1cbef-1024x577.jpg 1024w, https:\/\/clinicabonaque.es\/wp-content\/uploads\/2025\/03\/products1698827142337-csm_vacumed_UEberlagerung_16-9_ea7bb1cbef-300x169.jpg 300w, https:\/\/clinicabonaque.es\/wp-content\/uploads\/2025\/03\/products1698827142337-csm_vacumed_UEberlagerung_16-9_ea7bb1cbef-768x432.jpg 768w, https:\/\/clinicabonaque.es\/wp-content\/uploads\/2025\/03\/products1698827142337-csm_vacumed_UEberlagerung_16-9_ea7bb1cbef-1536x865.jpg 1536w, https:\/\/clinicabonaque.es\/wp-content\/uploads\/2025\/03\/products1698827142337-csm_vacumed_UEberlagerung_16-9_ea7bb1cbef.jpg 1920w\" sizes=\"(max-width: 800px) 100vw, 800px\" \/>\t\t\t\t\t\t\t\t\t\t\t\t\t\t\t<\/div>\n\t\t\t\t<\/div>\n\t\t\t\t\t<\/div>\n\t\t\t\t<\/div>\n\t\t\t\t<\/div>","protected":false},"excerpt":{"rendered":"<p>Vacusport Recuperaci\u00f3n y Rendimiento Deportivo El Vacusport es una tecnolog\u00eda avanzada que utiliza terapia de vac\u00edo intermitente para mejorar la circulaci\u00f3n, reducir la inflamaci\u00f3n y acelerar la recuperaci\u00f3n muscular. Es ideal para deportistas y pacientes con lesiones musculares o circulatorias, ya que ayuda a regenerar los tejidos, disminuir el dolor y optimizar el rendimiento f\u00edsico. [&hellip;]<\/p>","protected":false},"author":1,"featured_media":0,"parent":0,"menu_order":0,"comment_status":"closed","ping_status":"closed","template":"","meta":{"postBodyMargin":[],"postBodyPadding":[],"postBodyBackground":{"backgroundType":"classic","gradient":""},"footnotes":""},"class_list":["post-2160","page","type-page","status-publish","hentry"],"_links":{"self":[{"href":"https:\/\/clinicabonaque.es\/en\/wp-json\/wp\/v2\/pages\/2160","targetHints":{"allow":["GET"]}}],"collection":[{"href":"https:\/\/clinicabonaque.es\/en\/wp-json\/wp\/v2\/pages"}],"about":[{"href":"https:\/\/clinicabonaque.es\/en\/wp-json\/wp\/v2\/types\/page"}],"author":[{"embeddable":true,"href":"https:\/\/clinicabonaque.es\/en\/wp-json\/wp\/v2\/users\/1"}],"replies":[{"embeddable":true,"href":"https:\/\/clinicabonaque.es\/en\/wp-json\/wp\/v2\/comments?post=2160"}],"version-history":[{"count":17,"href":"https:\/\/clinicabonaque.es\/en\/wp-json\/wp\/v2\/pages\/2160\/revisions"}],"predecessor-version":[{"id":2329,"href":"https:\/\/clinicabonaque.es\/en\/wp-json\/wp\/v2\/pages\/2160\/revisions\/2329"}],"wp:attachment":[{"href":"https:\/\/clinicabonaque.es\/en\/wp-json\/wp\/v2\/media?parent=2160"}],"curies":[{"name":"wp","href":"https:\/\/api.w.org\/{rel}","templated":true}]}}