{"id":151,"date":"2025-01-18T03:38:08","date_gmt":"2025-01-18T03:38:08","guid":{"rendered":"https:\/\/clinicabonaque.es\/?page_id=151"},"modified":"2025-05-09T17:17:34","modified_gmt":"2025-05-09T17:17:34","slug":"politica-de-privacidad","status":"publish","type":"page","link":"https:\/\/clinicabonaque.es\/en\/politica-de-privacidad\/","title":{"rendered":"Pol\u00edtica de Privacidad"},"content":{"rendered":"<p><strong>Introducci\u00f3n.<\/strong><\/p>\n\n\n\n<p>Tenemos un elevado nivel de compromiso con la privacidad de las personas, por lo que la protecci\u00f3n de datos personales es importante para nosotros.<\/p>\n\n\n\n<p>Tratamos los datos seg\u00fan lo dispuesto en el Reglamento UE 2016\/679 General de Protecci\u00f3n de Datos, Ley Org\u00e1nica 3\/2018 de Protecci\u00f3n de Datos Personales y Garant\u00eda de Derechos Digitales y dem\u00e1s normativa vigente al respecto.<\/p>\n\n\n\n<p>La presente Pol\u00edtica de Privacidad ha sido revisada en mayo de 2025 para dar cumplimiento a los deberes de informaci\u00f3n y transparencia del propio sitio web y general del responsable, para facilitar a cualquier tipo de interesado y no solo a los usuarios del sitio web los t\u00e9rminos generales del responsable en la materia. Pueden existir variaciones hasta su pr\u00f3xima revisi\u00f3n.<\/p>\n\n\n\n<p><strong>\u00bfQui\u00e9n es el responsable de tratamiento de sus datos?<\/strong><\/p>\n\n\n\n<p><strong>Responsable:<\/strong> JOS\u00c9 MAR\u00cdA BONAQUE GARC\u00cdA-DELICADO<\/p>\n\n\n\n<p><strong>NIF\/CIF:<\/strong> 23259322C<\/p>\n\n\n\n<p><strong>Direcci\u00f3n:<\/strong> C\/ GUILLERMO OLIVER N\u00ba 4, BAJO. 30800 Lorca (MURCIA)<\/p>\n\n\n\n<p><strong>Correo electr\u00f3nico:<\/strong> clinicabonaque@clinicabonaque.es<\/p>\n\n\n\n<p><strong>\u00bfCu\u00e1l es el origen y tipo de datos que tratamos?<\/strong><\/p>\n\n\n\n<p>El origen de la informaci\u00f3n que tratamos puede ser cualquiera de las siguientes categor\u00edas:<\/p>\n\n\n\n<ul class=\"wp-block-list\">\n<li>Formularios en soporte papel, electr\u00f3nicos o digitales.<\/li>\n\n\n\n<li>Sistemas de comunicaci\u00f3n y mensajer\u00eda: aplicaciones de correo electr\u00f3nico y mensajer\u00eda, tel\u00e9fono, etc.<\/li>\n\n\n\n<li>Otras fuentes y or\u00edgenes l\u00edcitos de informaci\u00f3n.<\/li>\n<\/ul>\n\n\n\n<p>Las diferentes categor\u00edas de datos que podemos llegar a tratar en funci\u00f3n de la tipolog\u00eda del interesado (usuario, cliente, proveedor, empleado, etc.) y la naturaleza de la actividad del responsable y los distintos tratamientos de datos son:<\/p>\n\n\n\n<ul class=\"wp-block-list\">\n<li>Datos identificativos, por ejemplo: nombre y apellidos, imagen.<\/li>\n\n\n\n<li>C\u00f3digos o claves de identificaci\u00f3n, por ejemplo: nombre de usuario, c\u00f3digo de empleado.<\/li>\n\n\n\n<li>Direcciones de contacto postales o electr\u00f3nicas, por ejemplo: tel\u00e9fono, email, perfil en redes sociales.<\/li>\n\n\n\n<li>Datos de caracter\u00edsticas personales y profesionales, por ejemplo: edad, fecha de nacimiento, titulaciones, experiencia profesional, curr\u00edculum.<\/li>\n\n\n\n<li>Datos econ\u00f3micos, financieros y de seguros; por ejemplo: datos bancarios, tarjeta de cr\u00e9dito, etc.<\/li>\n\n\n\n<li>Datos econ\u00f3micos y no econ\u00f3micos de n\u00f3mina y otra informaci\u00f3n de naturaleza laboral; por ejemplo: puesto de trabajo, documento de n\u00f3mina, etc.<\/li>\n\n\n\n<li>Datos de transacciones, por ejemplo: bienes y servicios suministrados y recibidos.<\/li>\n\n\n\n<li>Datos de categor\u00eda especial, por ejemplo: salud.<\/li>\n\n\n\n<li>Otros datos e informaciones necesarios o impl\u00edcitos en el desarrollo de nuestras actividades, servicios y objeto.<\/li>\n<\/ul>\n\n\n\n<p>CAR\u00c1CTER OBLIGATORIO O FACULTATIVO DE LA INFORMACI\u00d3N FACILITADA POR EL INTERESADO.<\/p>\n\n\n\n<p>El interesado, mediante la marcaci\u00f3n de las casillas correspondientes y la entrada de datos en los campos, marcados como de cumplimentaci\u00f3n obligatoria (por ejemplo, con un asterisco) en el formulario de contacto o presentados en formularios de descarga, aceptan expresamente y de forma libre e inequ\u00edvoca, que sus datos son necesarios para atender su petici\u00f3n, por parte del responsable, siendo voluntaria la inclusi\u00f3n de datos en los campos restantes.<\/p>\n\n\n\n<p>El interesado garantiza que los datos personales facilitados al responsable son veraces y se compromete a comunicar cualquier modificaci\u00f3n de estos. Los datos solicitados a trav\u00e9s del sitio web, se\u00f1alados como obligatorios, son necesarios para la prestaci\u00f3n de un servicio \u00f3ptimo al interesado. En caso de que no se faciliten todos los datos, no se garantiza que la informaci\u00f3n y servicios facilitados sean completamente ajustados a sus necesidades.<\/p>\n\n\n\n<p><strong>\u00bfCon qu\u00e9 finalidad tratamos sus datos personales?<\/strong><\/p>\n\n\n\n<p>En general los datos se tratan para llevar a cabo con \u00e9xito las acciones impl\u00edcitas en el normal desarrollo y gesti\u00f3n de la actividad del responsable. Aunque podemos concretar diferentes fines de tratamiento en funci\u00f3n de las posibles categor\u00edas existentes de interesados:<\/p>\n\n\n\n<ul class=\"wp-block-list\">\n<li>Clientes y potenciales: gesti\u00f3n y mantenimiento de las relaciones comerciales, precontractuales y contractuales; administraci\u00f3n interna; gesti\u00f3n econ\u00f3mica; publicidad y marketing, atenci\u00f3n al cliente.<\/li>\n\n\n\n<li>Pacientes: gesti\u00f3n de la prestaci\u00f3n asistencial, elaboraci\u00f3n de diagn\u00f3sticos, informes e historias cl\u00ednicas.<\/li>\n\n\n\n<li>Colaboradores, acreedores y proveedores: gesti\u00f3n y mantenimiento de las relaciones comerciales, administraci\u00f3n interna y gesti\u00f3n econ\u00f3mica.<\/li>\n\n\n\n<li>Personas trabajadoras: gesti\u00f3n, desarrollo y mantenimiento de la relaci\u00f3n laboral, gesti\u00f3n de recursos humanos, comunicaciones, actividades formativas, prevenci\u00f3n de riesgos laborales, registro de la jornada y otras finalidades derivadas de las obligaciones legales y desarrollo de las relaciones laborales.<\/li>\n\n\n\n<li>Candidatos: gesti\u00f3n de curr\u00edculums recibidos, gesti\u00f3n de ofertas de empleo y selecci\u00f3n de personal.<\/li>\n\n\n\n<li>Usuarios web y de redes sociales: atenci\u00f3n al usuario y gesti\u00f3n de las comunicaciones entre las partes.<\/li>\n\n\n\n<li>Visitantes: atenci\u00f3n al visitante y control de acceso a las instalaciones.<\/li>\n\n\n\n<li>La informaci\u00f3n existente de cualquier otra categor\u00eda de interesados tratada por el responsable se har\u00e1 en el marco de su actividad, estricto cumplimiento de las normas de aplicaci\u00f3n y bajo los criterios generales de la presente Pol\u00edtica de Privacidad.<\/li>\n<\/ul>\n\n\n\n<p>Otras finalidades generales que el responsable puede implementar son:<\/p>\n\n\n\n<ul class=\"wp-block-list\">\n<li>Elaboraci\u00f3n de un perfil comercial, con el objetivo de mejorar su experiencia personalizando las ofertas y comunicaciones. No se tomar\u00e1n decisiones individualizadas en base a dicho perfil y se actuar\u00e1 desde el inter\u00e9s leg\u00edtimo.<\/li>\n\n\n\n<li>Videovigilancia, para seguridad de los bienes y las personas, as\u00ed como el control laboral correspondiente en base al inter\u00e9s leg\u00edtimo.<\/li>\n\n\n\n<li>Centralita telef\u00f3nica, a fin de grabar las comunicaciones por seguridad, garant\u00eda y calidad de atenci\u00f3n, en base al inter\u00e9s leg\u00edtimo.<\/li>\n\n\n\n<li>Gesti\u00f3n financiera y control de obligaciones dinerarias. En caso de deudores con pagos pendientes ciertos, vencidos y exigibles, el responsable podr\u00e1 comunicar esta circunstancia a ficheros de solvencia crediticia, ficheros de deudores, y servicios de gesti\u00f3n o recobro de deudas, entre otros, en base al inter\u00e9s leg\u00edtimo.<\/li>\n\n\n\n<li>Comunicaciones: desarrollo y ejecuci\u00f3n de comunicaciones a trav\u00e9s de los datos y medios de contacto disponibles (correo electr\u00f3nico, mensajer\u00eda instant\u00e1nea, etc.) con categor\u00edas de interesados internos (personas trabajadoras) y externos (clientes, potenciales, colaboradores, proveedores, etc.). Los prop\u00f3sitos de dichas comunicaciones pueden ser informativos, organizativos, comerciales y publicitarios, seg\u00fan corresponda en base al consentimiento informado y el inter\u00e9s leg\u00edtimo del responsable.<\/li>\n\n\n\n<li>Otras finalidades derivadas de la naturaleza del responsable, motivadas en el normal desarrollo y ejercicio de su actividad, desde una base legitimadora v\u00e1lida.<\/li>\n<\/ul>\n\n\n\n<p><strong>\u00bfPor cu\u00e1nto tiempo conservaremos sus datos?<\/strong><\/p>\n\n\n\n<p>En general los datos personales se conservar\u00e1n al menos mientras exista relaci\u00f3n con el interesado, mientras no se solicite su supresi\u00f3n, mientras puedan derivarse responsabilidades o mientras exista alguna previsi\u00f3n legal de conservaci\u00f3n.<\/p>\n\n\n\n<p>En lo referente a los datos de los candidatos y demandantes de empleo, se eliminar\u00e1n inmediatamente cuando estos no resulten de inter\u00e9s para el responsable.<\/p>\n\n\n\n<p>El responsable de tratamiento cuenta en su plan de protecci\u00f3n de datos con un inventario de plazos de conservaci\u00f3n que observa para gestionar los diferentes periodos de conservaci\u00f3n aplicables.<\/p>\n\n\n\n<p>La supresi\u00f3n de los datos se llevar\u00e1 a cabo en todo caso asegurando la confidencialidad de estos.<\/p>\n\n\n\n<p><strong>\u00bfCu\u00e1l es la legitimaci\u00f3n para el tratamiento de sus datos?<\/strong><\/p>\n\n\n\n<p>El responsable observa y aplica las distintas bases legitimadoras existentes que resultan de aplicaci\u00f3n a cada finalidad de tratamiento. Estas son:<\/p>\n\n\n\n<ol style=\"list-style-type:lower-alpha\" class=\"wp-block-list\">\n<li>Consentimiento informado del interesado.<\/li>\n\n\n\n<li>Compromisos precontractuales o contractuales.<\/li>\n\n\n\n<li>Inter\u00e9s leg\u00edtimo del responsable.<\/li>\n\n\n\n<li>Obligaciones legales aplicables.<\/li>\n\n\n\n<li>Otras bases legitimadoras legalmente preceptuadas.<\/li>\n<\/ol>\n\n\n\n<p><strong>\u00bfA qu\u00e9 destinatarios se comunicar\u00e1n sus datos?<\/strong><\/p>\n\n\n\n<p>Los datos de los interesados no ser\u00e1n comunicados a ning\u00fan tercero de forma predeterminada, salvo: a) servicios auxiliares, encargados de tratamiento autorizados u otros terceros impl\u00edcitos necesarios en la correcta prestaci\u00f3n de los bienes y servicios; b) autoridades y administraciones p\u00fablicas competentes en el ejercicio de sus funciones; c) otros interesados leg\u00edtimos y terceros legalmente previstos.<\/p>\n\n\n\n<p><strong>\u00bfCu\u00e1les son sus derechos cuando nos facilita y\/o tratamos sus datos?<\/strong><\/p>\n\n\n\n<p>Como interesado, usted podr\u00e1 en cualquier momento solicitarnos el ejercicio de cualquiera de los siguientes derechos que le asisten en materia de protecci\u00f3n de datos:<\/p>\n\n\n\n<ul class=\"wp-block-list\">\n<li>Acceso a los datos personales del interesado para confirmar si se est\u00e1n tratando o no datos que le conciernan y obtener m\u00e1s informaci\u00f3n acerca de este tratamiento.<\/li>\n\n\n\n<li>Rectificaci\u00f3n o Supresi\u00f3n de los datos personales que conciernan al interesado cuando, entre otros motivos, sean inexactos o ya no sean necesarios para las finalidades por las que fueron recogidos.<\/li>\n\n\n\n<li>Limitar el tratamiento de los datos personales del interesado en determinadas circunstancias, en cuyo caso \u00fanicamente se conservar\u00e1n a efectos de ejercicio o defensa de reclamaciones, por la protecci\u00f3n de los derechos de otra persona o por razones de inter\u00e9s p\u00fablico.<\/li>\n\n\n\n<li>Recibir los datos personales que le incumban, que previamente nos haya facilitado, y en formato estructurado cuando sea posible. (Portabilidad de sus datos).<\/li>\n\n\n\n<li>Oponerse al tratamiento de sus datos en determinadas circunstancias y por motivos relacionados con su situaci\u00f3n particular. La empresa dejar\u00e1 de tratar sus datos, salvo por motivos leg\u00edtimos imperiosos, o el ejercicio o la defensa de posibles reclamaciones.<\/li>\n\n\n\n<li>Revocar el consentimiento, lo cual puede conllevar la anulaci\u00f3n o cancelaci\u00f3n de la relaci\u00f3n negocial o contractual existente, si la hubiese. Sin perjuicio de los tratamientos llevados a cabo previamente a la retirada del consentimiento.<\/li>\n<\/ul>\n\n\n\n<p>Para ello s\u00f3lo tendr\u00e1 que contactar con nosotros a trav\u00e9s de la direcci\u00f3n email o postal indicadas al inicio.<\/p>\n\n\n\n<p>Opcionalmente tambi\u00e9n puede dirigirse a nuestro <a href=\"https:\/\/www.auditta.es\">delegado de protecci\u00f3n de datos<\/a> designado, o a la <a href=\"https:\/\/www.aepd.es\">Agencia de Protecci\u00f3n de Datos<\/a> para conocer m\u00e1s acerca de sus derechos o solicitar la tutela de estos por la autoridad de control.<\/p>\n\n\n\n<p><strong>Seguridad de los datos.<\/strong><\/p>\n\n\n\n<p>Adoptamos en nuestro sistema de informaci\u00f3n las medidas t\u00e9cnicas y organizativas necesarias para garantizar un adecuado nivel de confidencialidad, integridad, disponibilidad y resiliencia de los datos con el fin de proteger los derechos y libertades de los interesados.<\/p>\n\n\n\n<p>El responsable cumple las disposiciones y los principios descritos en el RGPD para tratar los datos de manera l\u00edcita, leal y transparente en relaci\u00f3n con el interesado, y adecuados, pertinentes y limitados a lo necesario en relaci\u00f3n con los fines para los que son tratados.<\/p>\n\n\n\n<p>No obstante, hasta donde el ordenamiento jur\u00eddico lo permite, no asumimos ninguna responsabilidad por los da\u00f1os y perjuicios de alteraciones que terceros pueden causar en nuestro sistema de informaci\u00f3n. Cualquier quiebra de seguridad ser\u00e1 convenientemente y de forma inmediata comunicada a la autoridad competente y\/o fuerzas y cuerpos de seguridad del Estado.<\/p>\n\n\n\n<p><strong>Env\u00edo de comunicaciones o informaci\u00f3n.<\/strong><\/p>\n\n\n\n<p>Nuestra pol\u00edtica con respecto al env\u00edo informaci\u00f3n a trav\u00e9s de medios telem\u00e1ticos (correo electr\u00f3nico, mensajer\u00eda instant\u00e1nea, etc.), se limita a enviar \u00fanicamente comunicaciones que consideremos de inter\u00e9s para nuestros usuarios e interesados, en relaci\u00f3n con las funciones y actividad de la empresa, o que usted haya consentido recibir.<\/p>\n\n\n\n<p>Si prefiere no recibir estos mensajes, le ofreceremos a trav\u00e9s de estos la posibilidad de ejercer su derecho de cancelaci\u00f3n y renuncia a la recepci\u00f3n de estos mensajes, en conformidad con lo dispuesto en el T\u00edtulo III, art\u00edculo 22 de la Ley 34\/2002 de Servicios para la Sociedad de la Informaci\u00f3n y de Comercio Electr\u00f3nico.<\/p>\n\n\n\n<p><strong>Redes sociales.<\/strong><\/p>\n\n\n\n<p>El responsable puede tener presencia en redes sociales a trav\u00e9s de los correspondientes perfiles, siendo de aplicaci\u00f3n el presente apartado y cualesquiera t\u00e9rminos legales y de privacidad presentes en el sitio web para el tratamiento de datos de los usuarios o interesados que se hagan seguidores o de alg\u00fan modo se vinculen a dichos perfiles.<\/p>\n\n\n\n<p>Las finalidades de uso de estos perfiles por el responsable son de comunicaci\u00f3n, desarrollo comercial, marketing y publicidad, tramitar consultas planteadas al responsable y atenci\u00f3n al usuario, informar sobre acciones, actividades y eventos organizados por el responsable o en los que este participe, e interactuar a trav\u00e9s de los perfiles oficiales.<\/p>\n\n\n\n<p>Las bases legitimadoras expuestas en el apartado 6 anterior se complementan en este caso porque el usuario o interesado puede tener un perfil en la misma red social que el responsable y ha decidido unirse o conectar con el perfil del responsable, mostrando as\u00ed inter\u00e9s en la informaci\u00f3n publicada por el responsable. Por tanto, en el momento de seguir los perfiles del responsable, facilita su consentimiento para el tratamiento de aquellos datos disponibles en su perfil.<\/p>\n\n\n\n<p>El usuario puede acceder en todo momento a las pol\u00edticas y t\u00e9rminos de privacidad de la red social correspondiente, as\u00ed como configurar las caracter\u00edsticas de privacidad que puedan llevarse a cabo en su perfil. Las publicaciones realizadas por el usuario ser\u00e1n conocidas por otros usuarios, por lo que el propio usuario es el principal responsable de su privacidad.<\/p>\n\n\n\n<p>Los usuarios seguidores y\/o participantes en nuestros perfiles se abstendr\u00e1n:<\/p>\n\n\n\n<ol style=\"list-style-type:lower-alpha\" class=\"wp-block-list\">\n<li>De publicar contenidos o informaciones contrarios a las Leyes, la moral, y la buena fe. No est\u00e1 permitido ning\u00fan uso o comportamiento il\u00edcito, molesto, inapropiado, que pueda generar opiniones negativas en el perfil o que atente contra los derechos de las personas.<\/li>\n\n\n\n<li>De comportarse de forma contraria a los principios de legalidad, honradez, responsabilidad, protecci\u00f3n de la dignidad humana, protecci\u00f3n de menores, protecci\u00f3n del orden p\u00fablico, la protecci\u00f3n de la vida privada, la protecci\u00f3n del consumidor y los derechos de propiedad intelectual e industrial.<\/li>\n<\/ol>\n\n\n\n<p>El responsable se reserva la potestad de retirar sin previo aviso cualquier contenido que se considere inapropiado. Asimismo, se libera de cualquier responsabilidad en relaci\u00f3n con las medidas de seguridad correspondientes a cada plataforma, debiendo el usuario conocerlas juntamente con los t\u00e9rminos legales y condiciones de uso de la propia plataforma.<\/p>\n\n\n\n<p>El responsable quedar\u00e1 expresamente exonerado de cualquier responsabilidad que pudiera derivarse del uso de las redes sociales por parte de menores o personas con capacidades especiales. Las redes sociales del responsable no recogen conscientemente ninguna informaci\u00f3n personal de menores de edad, por ello, si el usuario es menor de edad, no debe registrarse, ni utilizar las redes sociales del responsable, ni tampoco proporcionar ninguna informaci\u00f3n personal. Particularmente en Espa\u00f1a, el tratamiento de los datos personales de un menor solo podr\u00e1 fundarse a partir de 14 a\u00f1os. Por otra parte, si alguna norma o regulaci\u00f3n as\u00ed lo exige, o el usuario tiene capacidades especiales, ser\u00e1 necesaria la intervenci\u00f3n del titular de su patria potestad o tutela, o de su representante legal mediante documento v\u00e1lido que acredite la representaci\u00f3n.<\/p>\n\n\n\n<p><strong>Empleo y gesti\u00f3n de candidatos<\/strong><\/p>\n\n\n\n<p>Los interesados en acceder a ofertas de empleo del responsable pueden suministrar sus datos e informaci\u00f3n profesional al responsable por medio de diferentes canales, preferentemente por los formularios existentes, direcciones de correo electr\u00f3nico, y medios existentes para este fin, en su caso.<\/p>\n\n\n\n<p>Estos datos ser\u00e1n tratados en consonancia con los presentes t\u00e9rminos de privacidad aqu\u00ed presentes con la finalidad de gestionar las candidaturas a posibles ofertas de empleo, pr\u00e1cticas y formaci\u00f3n de la entidad responsable y cualesquiera empresas filiales o pertenecientes a la misma organizaci\u00f3n empresarial, cuando exista y corresponda.<\/p>\n\n\n\n<p>El tratamiento se realizar\u00e1 en base al consentimiento informado del interesado u otra base legitimadora v\u00e1lida.<\/p>\n\n\n\n<p>Los datos facilitados, si no resultan de inter\u00e9s profesional para la entidad o una vez dejen de ser necesarios para las finalidades por las que fueron recogidos, ser\u00e1n eliminados asegurando su confidencialidad y anonimizaci\u00f3n.<\/p>\n\n\n\n<p>Cualquier interesado podr\u00e1 revocar su consentimiento y ejercer los derechos que le asistan en materia de privacidad en virtud de los t\u00e9rminos expuestos en la presente pol\u00edtica de privacidad.<\/p>","protected":false},"excerpt":{"rendered":"<p>Introducci\u00f3n. Tenemos un elevado nivel de compromiso con la privacidad de las personas, por lo que la protecci\u00f3n de datos personales es importante para nosotros. Tratamos los datos seg\u00fan lo dispuesto en el Reglamento UE 2016\/679 General de Protecci\u00f3n de Datos, Ley Org\u00e1nica 3\/2018 de Protecci\u00f3n de Datos Personales y Garant\u00eda de Derechos Digitales y [&hellip;]<\/p>","protected":false},"author":1,"featured_media":0,"parent":0,"menu_order":0,"comment_status":"closed","ping_status":"closed","template":"","meta":{"postBodyMargin":[],"postBodyPadding":[],"postBodyBackground":{"backgroundType":"classic","gradient":""},"footnotes":""},"class_list":["post-151","page","type-page","status-publish","hentry"],"_links":{"self":[{"href":"https:\/\/clinicabonaque.es\/en\/wp-json\/wp\/v2\/pages\/151","targetHints":{"allow":["GET"]}}],"collection":[{"href":"https:\/\/clinicabonaque.es\/en\/wp-json\/wp\/v2\/pages"}],"about":[{"href":"https:\/\/clinicabonaque.es\/en\/wp-json\/wp\/v2\/types\/page"}],"author":[{"embeddable":true,"href":"https:\/\/clinicabonaque.es\/en\/wp-json\/wp\/v2\/users\/1"}],"replies":[{"embeddable":true,"href":"https:\/\/clinicabonaque.es\/en\/wp-json\/wp\/v2\/comments?post=151"}],"version-history":[{"count":3,"href":"https:\/\/clinicabonaque.es\/en\/wp-json\/wp\/v2\/pages\/151\/revisions"}],"predecessor-version":[{"id":2305,"href":"https:\/\/clinicabonaque.es\/en\/wp-json\/wp\/v2\/pages\/151\/revisions\/2305"}],"wp:attachment":[{"href":"https:\/\/clinicabonaque.es\/en\/wp-json\/wp\/v2\/media?parent=151"}],"curies":[{"name":"wp","href":"https:\/\/api.w.org\/{rel}","templated":true}]}}