{"id":1494,"date":"2025-02-19T15:41:17","date_gmt":"2025-02-19T15:41:17","guid":{"rendered":"https:\/\/clinicabonaque.es\/?page_id=1494"},"modified":"2025-04-09T14:12:31","modified_gmt":"2025-04-09T14:12:31","slug":"fotobiomodulacion","status":"publish","type":"page","link":"https:\/\/clinicabonaque.es\/en\/fotobiomodulacion\/","title":{"rendered":"Photobiomodulation"},"content":{"rendered":"<div data-elementor-type=\"wp-page\" data-elementor-id=\"1494\" class=\"elementor elementor-1494\" data-elementor-post-type=\"page\">\n\t\t\t\t\t\t<section class=\"elementor-section elementor-top-section elementor-element elementor-element-79aaf40c elementor-section-boxed elementor-section-height-default elementor-section-height-default\" data-id=\"79aaf40c\" data-element_type=\"section\" data-settings=\"{&quot;background_background&quot;:&quot;classic&quot;}\">\n\t\t\t\t\t\t<div class=\"elementor-container elementor-column-gap-default\">\n\t\t\t\t\t<div class=\"elementor-column elementor-col-50 elementor-top-column elementor-element elementor-element-631abdd3\" data-id=\"631abdd3\" data-element_type=\"column\" data-settings=\"{&quot;animation&quot;:&quot;none&quot;}\">\n\t\t\t<div class=\"elementor-widget-wrap elementor-element-populated\">\n\t\t\t\t\t\t<div class=\"elementor-element elementor-element-8d69f55 elementor-widget elementor-widget-spacer\" data-id=\"8d69f55\" data-element_type=\"widget\" data-widget_type=\"spacer.default\">\n\t\t\t\t<div class=\"elementor-widget-container\">\n\t\t\t\t\t\t\t<div class=\"elementor-spacer\">\n\t\t\t<div class=\"elementor-spacer-inner\"><\/div>\n\t\t<\/div>\n\t\t\t\t\t\t<\/div>\n\t\t\t\t<\/div>\n\t\t\t\t<div class=\"elementor-element elementor-element-2dccbcfb elementor-widget elementor-widget-heading\" data-id=\"2dccbcfb\" data-element_type=\"widget\" data-settings=\"{&quot;_animation&quot;:&quot;none&quot;}\" data-widget_type=\"heading.default\">\n\t\t\t\t<div class=\"elementor-widget-container\">\n\t\t\t\t\t<h4 class=\"elementor-heading-title elementor-size-default\">Photobiomodulation<\/h4>\t\t\t\t<\/div>\n\t\t\t\t<\/div>\n\t\t\t\t<div class=\"elementor-element elementor-element-eb1073f elementor-widget elementor-widget-heading\" data-id=\"eb1073f\" data-element_type=\"widget\" data-settings=\"{&quot;_animation&quot;:&quot;none&quot;}\" data-widget_type=\"heading.default\">\n\t\t\t\t<div class=\"elementor-widget-container\">\n\t\t\t\t\t<h2 class=\"elementor-heading-title elementor-size-default\">Light Therapy for Your Wellbeing<\/h2>\t\t\t\t<\/div>\n\t\t\t\t<\/div>\n\t\t\t\t<div class=\"elementor-element elementor-element-5a2aca2 elementor-widget elementor-widget-text-editor\" data-id=\"5a2aca2\" data-element_type=\"widget\" data-widget_type=\"text-editor.default\">\n\t\t\t\t<div class=\"elementor-widget-container\">\n\t\t\t\t\t\t\t\t\t<p>Photobiomodulation is an innovative, non-invasive treatment that uses low-intensity light to stimulate cellular regeneration, reduce inflammation, and relieve pain. Thanks to its effectiveness and safety, this therapy has become an ideal solution for accelerating muscle recovery, improving skin health, and optimizing physical performance.<\/p>\t\t\t\t\t\t\t\t<\/div>\n\t\t\t\t<\/div>\n\t\t\t\t<div class=\"elementor-element elementor-element-1e1d4057 elementor-widget__width-auto elementor-mobile-align-justify elementor-widget-mobile__width-inherit elementor-invisible elementor-widget elementor-widget-button\" data-id=\"1e1d4057\" data-element_type=\"widget\" data-settings=\"{&quot;_animation&quot;:&quot;fadeInUp&quot;,&quot;_animation_delay&quot;:&quot;400&quot;}\" data-widget_type=\"button.default\">\n\t\t\t\t<div class=\"elementor-widget-container\">\n\t\t\t\t\t\t\t\t\t<div class=\"elementor-button-wrapper\">\n\t\t\t\t\t<a class=\"elementor-button elementor-button-link elementor-size-sm\" href=\"https:\/\/api.whatsapp.com\/send?phone=647077400&#038;text=Hola,%20me%20gustar%C3%ADa%20pedir%20una%20cita\">\n\t\t\t\t\t\t<span class=\"elementor-button-content-wrapper\">\n\t\t\t\t\t\t\t\t\t<span class=\"elementor-button-text\">Get Informed Without Obligation<\/span>\n\t\t\t\t\t<\/span>\n\t\t\t\t\t<\/a>\n\t\t\t\t<\/div>\n\t\t\t\t\t\t\t\t<\/div>\n\t\t\t\t<\/div>\n\t\t\t\t\t<\/div>\n\t\t<\/div>\n\t\t\t\t<div class=\"elementor-column elementor-col-50 elementor-top-column elementor-element elementor-element-6bfd0e16 elementor-hidden-tablet elementor-hidden-mobile\" data-id=\"6bfd0e16\" data-element_type=\"column\">\n\t\t\t<div class=\"elementor-widget-wrap elementor-element-populated\">\n\t\t\t\t\t\t<div class=\"elementor-element elementor-element-ea72bb0 elementor-widget elementor-widget-spacer\" data-id=\"ea72bb0\" data-element_type=\"widget\" data-widget_type=\"spacer.default\">\n\t\t\t\t<div class=\"elementor-widget-container\">\n\t\t\t\t\t\t\t<div class=\"elementor-spacer\">\n\t\t\t<div class=\"elementor-spacer-inner\"><\/div>\n\t\t<\/div>\n\t\t\t\t\t\t<\/div>\n\t\t\t\t<\/div>\n\t\t\t\t<div class=\"elementor-element elementor-element-a5d240a elementor-widget elementor-widget-image\" data-id=\"a5d240a\" data-element_type=\"widget\" data-widget_type=\"image.default\">\n\t\t\t\t<div class=\"elementor-widget-container\">\n\t\t\t\t\t\t\t\t\t\t\t\t\t\t\t<img fetchpriority=\"high\" decoding=\"async\" width=\"800\" height=\"464\" src=\"https:\/\/clinicabonaque.es\/wp-content\/uploads\/2025\/02\/Diseno-sin-titulo-1024x594.png\" class=\"attachment-large size-large wp-image-1518\" alt=\"\" srcset=\"https:\/\/clinicabonaque.es\/wp-content\/uploads\/2025\/02\/Diseno-sin-titulo-1024x594.png 1024w, https:\/\/clinicabonaque.es\/wp-content\/uploads\/2025\/02\/Diseno-sin-titulo-300x174.png 300w, https:\/\/clinicabonaque.es\/wp-content\/uploads\/2025\/02\/Diseno-sin-titulo-768x446.png 768w, https:\/\/clinicabonaque.es\/wp-content\/uploads\/2025\/02\/Diseno-sin-titulo.png 1034w\" sizes=\"(max-width: 800px) 100vw, 800px\" \/>\t\t\t\t\t\t\t\t\t\t\t\t\t\t\t<\/div>\n\t\t\t\t<\/div>\n\t\t\t\t\t<\/div>\n\t\t<\/div>\n\t\t\t\t\t<\/div>\n\t\t<\/section>\n\t\t<div class=\"elementor-element elementor-element-53bebe3 e-flex e-con-boxed e-con e-parent\" data-id=\"53bebe3\" data-element_type=\"container\">\n\t\t\t\t\t<div class=\"e-con-inner\">\n\t\t\t\t<div class=\"elementor-element elementor-element-cdf7ccc elementor-widget elementor-widget-heading\" data-id=\"cdf7ccc\" data-element_type=\"widget\" data-widget_type=\"heading.default\">\n\t\t\t\t<div class=\"elementor-widget-container\">\n\t\t\t\t\t<h2 class=\"elementor-heading-title elementor-size-default\">The light that heals, regenerates, and enhances your wellbeing.<\/h2>\t\t\t\t<\/div>\n\t\t\t\t<\/div>\n\t\t\t\t\t<\/div>\n\t\t\t\t<\/div>\n\t\t<div class=\"elementor-element elementor-element-37c6f132 e-flex e-con-boxed e-con e-parent\" data-id=\"37c6f132\" data-element_type=\"container\">\n\t\t\t\t\t<div class=\"e-con-inner\">\n\t\t<div class=\"elementor-element elementor-element-3f5d4f07 e-con-full e-flex e-con e-child\" data-id=\"3f5d4f07\" data-element_type=\"container\">\n\t\t\t\t<div class=\"elementor-element elementor-element-4f450e9f elementor-widget__width-initial elementor-widget-mobile__width-inherit ekit-equal-height-disable elementor-widget elementor-widget-elementskit-image-box\" data-id=\"4f450e9f\" data-element_type=\"widget\" data-widget_type=\"elementskit-image-box.default\">\n\t\t\t\t<div class=\"elementor-widget-container\">\n\t\t\t\t\t<div class=\"ekit-wid-con\" >\n            <div class=\"elementskit-info-image-box ekit-image-box text-left style-sideline\" >\n\n                \n                <div class=\"elementskit-box-header image-box-img-left\">\n\n                    <img decoding=\"async\" width=\"800\" height=\"600\" src=\"https:\/\/clinicabonaque.es\/wp-content\/uploads\/2025\/03\/tempImagegA0QP1-1024x768.jpg\" class=\"attachment-large size-large wp-image-1579\" alt=\"\" srcset=\"https:\/\/clinicabonaque.es\/wp-content\/uploads\/2025\/03\/tempImagegA0QP1-1024x768.jpg 1024w, https:\/\/clinicabonaque.es\/wp-content\/uploads\/2025\/03\/tempImagegA0QP1-300x225.jpg 300w, https:\/\/clinicabonaque.es\/wp-content\/uploads\/2025\/03\/tempImagegA0QP1-768x576.jpg 768w, https:\/\/clinicabonaque.es\/wp-content\/uploads\/2025\/03\/tempImagegA0QP1-1536x1152.jpg 1536w, https:\/\/clinicabonaque.es\/wp-content\/uploads\/2025\/03\/tempImagegA0QP1-2048x1536.jpg 2048w\" sizes=\"(max-width: 800px) 100vw, 800px\" \/>\n                <\/div>\n                \n                <div class=\"elementskit-box-body ekit-image-box-body\">\n                    <div class=\"elementskit-box-content ekit-image-box-body-inner\">\n                                                <h3 class=\"elementskit-info-box-title\">\n\n                        Benefits of Photobiomodulation\n                        \n                    <\/h3>\n                                                            <div class=\"elementskit-box-style-content\">\n                        Photobiomodulation is a non-invasive therapy that alleviates pain, reduces inflammation, and accelerates cellular regeneration. It improves circulation, optimises muscle recovery, and supports skin care by reducing wrinkles and scars. With no side effects or recovery time, it stimulates wellbeing and balances the body.                    <\/div>\n                                    <\/div>\n\n                            <\/div>\n            <\/div>\n    <\/div>\t\t\t\t<\/div>\n\t\t\t\t<\/div>\n\t\t\t\t<div class=\"elementor-element elementor-element-2a2e13fc elementor-widget__width-initial elementor-widget-mobile__width-inherit ekit-equal-height-disable elementor-widget elementor-widget-elementskit-image-box\" data-id=\"2a2e13fc\" data-element_type=\"widget\" data-widget_type=\"elementskit-image-box.default\">\n\t\t\t\t<div class=\"elementor-widget-container\">\n\t\t\t\t\t<div class=\"ekit-wid-con\" >\n            <div class=\"elementskit-info-image-box ekit-image-box text-left style-sideline\" >\n\n                \n                <div class=\"elementskit-box-header image-box-img-left\">\n\n                    <img decoding=\"async\" width=\"800\" height=\"600\" src=\"https:\/\/clinicabonaque.es\/wp-content\/uploads\/2025\/03\/tempImageZc26sG-1024x768.jpg\" class=\"attachment-large size-large wp-image-1585\" alt=\"\" srcset=\"https:\/\/clinicabonaque.es\/wp-content\/uploads\/2025\/03\/tempImageZc26sG-1024x768.jpg 1024w, https:\/\/clinicabonaque.es\/wp-content\/uploads\/2025\/03\/tempImageZc26sG-300x225.jpg 300w, https:\/\/clinicabonaque.es\/wp-content\/uploads\/2025\/03\/tempImageZc26sG-768x576.jpg 768w, https:\/\/clinicabonaque.es\/wp-content\/uploads\/2025\/03\/tempImageZc26sG-1536x1152.jpg 1536w, https:\/\/clinicabonaque.es\/wp-content\/uploads\/2025\/03\/tempImageZc26sG-2048x1536.jpg 2048w\" sizes=\"(max-width: 800px) 100vw, 800px\" \/>\n                <\/div>\n                \n                <div class=\"elementskit-box-body ekit-image-box-body\">\n                    <div class=\"elementskit-box-content ekit-image-box-body-inner\">\n                                                <h3 class=\"elementskit-info-box-title\">\n\n                        Why Choose Photobiomodulation?\n                        \n                    <\/h3>\n                                                            <div class=\"elementskit-box-style-content\">\n                        Photobiomodulation works by applying low-intensity light that penetrates the tissues and stimulates cellular activity. This light is absorbed by the mitochondria, which activates ATP production, the primary energy source for cells. As a result, tissue regeneration is accelerated, inflammation is reduced, and pain and muscle fatigue are relieved. Additionally, it improves blood circulation and promotes cellular oxygenation, enhancing recovery and overall wellbeing with no side effects.                    <\/div>\n                                    <\/div>\n\n                            <\/div>\n            <\/div>\n    <\/div>\t\t\t\t<\/div>\n\t\t\t\t<\/div>\n\t\t\t\t<div class=\"elementor-element elementor-element-20367f81 elementor-widget__width-initial elementor-widget-mobile__width-inherit ekit-equal-height-disable elementor-widget elementor-widget-elementskit-image-box\" data-id=\"20367f81\" data-element_type=\"widget\" data-widget_type=\"elementskit-image-box.default\">\n\t\t\t\t<div class=\"elementor-widget-container\">\n\t\t\t\t\t<div class=\"ekit-wid-con\" >\n            <div class=\"elementskit-info-image-box ekit-image-box text-left style-sideline\" >\n\n                \n                <div class=\"elementskit-box-header image-box-img-left\">\n\n                    <img loading=\"lazy\" decoding=\"async\" width=\"800\" height=\"600\" src=\"https:\/\/clinicabonaque.es\/wp-content\/uploads\/2025\/03\/tempImage26qYEo-1024x768.jpg\" class=\"attachment-large size-large wp-image-1578\" alt=\"\" srcset=\"https:\/\/clinicabonaque.es\/wp-content\/uploads\/2025\/03\/tempImage26qYEo-1024x768.jpg 1024w, https:\/\/clinicabonaque.es\/wp-content\/uploads\/2025\/03\/tempImage26qYEo-300x225.jpg 300w, https:\/\/clinicabonaque.es\/wp-content\/uploads\/2025\/03\/tempImage26qYEo-768x576.jpg 768w, https:\/\/clinicabonaque.es\/wp-content\/uploads\/2025\/03\/tempImage26qYEo-1536x1152.jpg 1536w, https:\/\/clinicabonaque.es\/wp-content\/uploads\/2025\/03\/tempImage26qYEo-2048x1536.jpg 2048w\" sizes=\"(max-width: 800px) 100vw, 800px\" \/>\n                <\/div>\n                \n                <div class=\"elementskit-box-body ekit-image-box-body\">\n                    <div class=\"elementskit-box-content ekit-image-box-body-inner\">\n                                                <h3 class=\"elementskit-info-box-title\">\n\n                        Only 4 Available in Spain\n                        \n                    <\/h3>\n                                                            <div class=\"elementskit-box-style-content\">\n                        At Cl\u00ednicaBonaque\u00ae in Lorca, we have one of only four photobiomodulation technologies available throughout Spain, offering an exclusive and highly effective treatment for cellular recovery and pain relief. Furthermore, we complement this innovative therapy with MBST\u00ae, a therapeutic magnetic resonance system that further enhances tissue regeneration. You will only find this unique combination of cutting-edge treatments to improve your wellbeing at our clinic.                    <\/div>\n                                    <\/div>\n\n                            <\/div>\n            <\/div>\n    <\/div>\t\t\t\t<\/div>\n\t\t\t\t<\/div>\n\t\t\t\t<\/div>\n\t\t\t\t\t<\/div>\n\t\t\t\t<\/div>\n\t\t<div class=\"elementor-element elementor-element-7e489c1f e-flex e-con-boxed e-con e-parent\" data-id=\"7e489c1f\" data-element_type=\"container\" data-settings=\"{&quot;background_background&quot;:&quot;classic&quot;}\">\n\t\t\t\t\t<div class=\"e-con-inner\">\n\t\t\t\t<div class=\"elementor-element elementor-element-735b504 elementor-widget elementor-widget-elementskit-heading\" data-id=\"735b504\" data-element_type=\"widget\" data-widget_type=\"elementskit-heading.default\">\n\t\t\t\t<div class=\"elementor-widget-container\">\n\t\t\t\t\t<div class=\"ekit-wid-con\" ><div class=\"ekit-heading elementskit-section-title-wraper text_left   ekit_heading_tablet-   ekit_heading_mobile-\"><h2 class=\"ekit-heading--title elementskit-section-title\">Photobiomodulation sessions offer progressive and noticeable improvements from the first applications.<\/h2><div class=\"ekit_heading_separetor_wraper ekit_heading_elementskit-border-divider\"><div class=\"elementskit-border-divider\"><\/div><\/div>\t\t\t\t<div class='ekit-heading__description'>\n\t\t\t\t\t<p class=\"p1\">Among the main benefits observed with the treatment are:<\/p>\n\t\t\t\t<\/div>\n\t\t\t<\/div><\/div>\t\t\t\t<\/div>\n\t\t\t\t<\/div>\n\t\t\t\t<div class=\"elementor-element elementor-element-e248c73 elementor-widget elementor-widget-text-editor\" data-id=\"e248c73\" data-element_type=\"widget\" data-widget_type=\"text-editor.default\">\n\t\t\t\t<div class=\"elementor-widget-container\">\n\t\t\t\t\t\t\t\t\t<p>&#8211;<strong> Significant reduction<\/strong> in pain and inflammation from the first sessions. <br \/>&#8211; <strong>Acceleration of tissue regeneration,<\/strong> promoting muscle and joint recovery. <br \/>&#8211; <strong>Improved blood circulation,<\/strong> increasing cellular oxygenation. <br \/>&#8211; <strong>Optimisation of physical<\/strong> performance and reduction of muscle fatigue.<br \/>&#8211; <strong>Visible effects on the skin,<\/strong>such as reduced scars, wrinkles, and blemishes. <br \/>&#8211; <strong>Overall wellbeing and balance of the body,<\/strong> with no side effects or recovery time.<\/p><p>Each session enhances these effects, <strong>providing progressive improvements<\/strong> in health and wellbeing.<\/p>\t\t\t\t\t\t\t\t<\/div>\n\t\t\t\t<\/div>\n\t\t\t\t\t<\/div>\n\t\t\t\t<\/div>\n\t\t<div class=\"elementor-element elementor-element-75fc1108 e-flex e-con-boxed e-con e-parent\" data-id=\"75fc1108\" data-element_type=\"container\" data-settings=\"{&quot;background_background&quot;:&quot;gradient&quot;}\">\n\t\t\t\t\t<div class=\"e-con-inner\">\n\t\t\t\t<div class=\"elementor-element elementor-element-1812521c elementor-widget elementor-widget-elementskit-heading\" data-id=\"1812521c\" data-element_type=\"widget\" data-widget_type=\"elementskit-heading.default\">\n\t\t\t\t<div class=\"elementor-widget-container\">\n\t\t\t\t\t<div class=\"ekit-wid-con\" ><div class=\"ekit-heading elementskit-section-title-wraper center   ekit_heading_tablet-   ekit_heading_mobile-\"><h2 class=\"ekit-heading--title elementskit-section-title\">Frequently Asked Questions<\/h2><div class=\"ekit_heading_separetor_wraper ekit_heading_elementskit-border-divider\"><div class=\"elementskit-border-divider\"><\/div><\/div>\t\t\t\t<div class='ekit-heading__description'>\n\t\t\t\t\t<p class=\"translation-block\">At Cl\u00ednicaBonaque\u00ae, we understand that questions may arise regarding our services, treatments, and processes. Here, we answer the most common questions to provide you with all the information you need.<\/p>\n\t\t\t\t<\/div>\n\t\t\t<\/div><\/div>\t\t\t\t<\/div>\n\t\t\t\t<\/div>\n\t\t<div class=\"elementor-element elementor-element-499c9335 e-con-full e-flex e-con e-child\" data-id=\"499c9335\" data-element_type=\"container\">\n\t\t\t\t<div class=\"elementor-element elementor-element-3629e655 elementor-widget__width-initial elementor-widget-mobile__width-initial elementor-widget elementor-widget-elementskit-faq\" data-id=\"3629e655\" data-element_type=\"widget\" data-widget_type=\"elementskit-faq.default\">\n\t\t\t\t<div class=\"elementor-widget-container\">\n\t\t\t\t\t<div class=\"ekit-wid-con\" >\n                <div class=\"elementskit-single-faq elementor-repeater-item-63aafb5\">\n            <div class=\"elementskit-faq-header\">\n                <h2 class=\"elementskit-faq-title\"> How does photobiomodulation work?<\/h2>\n            <\/div>\n            <div class=\"elementskit-faq-body\">\n                Photobiomodulation uses low-intensity light that penetrates the tissues and is absorbed by the cells. This light stimulates the mitochondria, responsible for producing energy in the cells, which accelerates tissue regeneration, reduces inflammation, and relieves pain.            <\/div>\n        <\/div>\n                <div class=\"elementskit-single-faq elementor-repeater-item-0b409b8\">\n            <div class=\"elementskit-faq-header\">\n                <h2 class=\"elementskit-faq-title\">What conditions is photobiomodulation recommended for?<\/h2>\n            <\/div>\n            <div class=\"elementskit-faq-body\">\n                Photobiomodulation is effective for a wide range of conditions, such as muscle and joint pain, sports injuries, chronic inflammation, post-operative recovery, skin issues (such as scars and wrinkles), and back pain. It is also used to improve physical performance and promote overall relaxation.            <\/div>\n        <\/div>\n                <div class=\"elementskit-single-faq elementor-repeater-item-b5584c6\">\n            <div class=\"elementskit-faq-header\">\n                <h2 class=\"elementskit-faq-title\">Is the treatment painful?<\/h2>\n            <\/div>\n            <div class=\"elementskit-faq-body\">\n                No, photobiomodulation is completely painless. During the sessions, you only feel a mild, soothing warmth, without any discomfort or side effects.            <\/div>\n        <\/div>\n                \n    <\/div>\t\t\t\t<\/div>\n\t\t\t\t<\/div>\n\t\t\t\t<div class=\"elementor-element elementor-element-63f347bc elementor-widget elementor-widget-elementskit-faq\" data-id=\"63f347bc\" data-element_type=\"widget\" data-widget_type=\"elementskit-faq.default\">\n\t\t\t\t<div class=\"elementor-widget-container\">\n\t\t\t\t\t<div class=\"ekit-wid-con\" >\n                <div class=\"elementskit-single-faq elementor-repeater-item-7a88ea4\">\n            <div class=\"elementskit-faq-header\">\n                <h2 class=\"elementskit-faq-title\">How many sessions are needed to see results?<\/h2>\n            <\/div>\n            <div class=\"elementskit-faq-body\">\n                Results can be noticed from the first sessions, but for significant improvements, continuous treatment over several sessions is recommended, which may vary depending on the condition being treated. The exact number of sessions depends on the individual case.            <\/div>\n        <\/div>\n                <div class=\"elementskit-single-faq elementor-repeater-item-d516051\">\n            <div class=\"elementskit-faq-header\">\n                <h2 class=\"elementskit-faq-title\">Is photobiomodulation safe?<\/h2>\n            <\/div>\n            <div class=\"elementskit-faq-body\">\n                Yes, photobiomodulation is completely safe. It is a non-invasive treatment with no side effects or health risks. The light used is calibrated to be both effective and safe for the human body.            <\/div>\n        <\/div>\n                <div class=\"elementskit-single-faq elementor-repeater-item-cd86135\">\n            <div class=\"elementskit-faq-header\">\n                <h2 class=\"elementskit-faq-title\">Can it be combined with other treatments?<\/h2>\n            <\/div>\n            <div class=\"elementskit-faq-body\">\n                Yes, photobiomodulation can be combined with other therapeutic treatments such as MBST (therapeutic magnetic resonance) to enhance results, favouring a faster and more effective recovery. At Cl\u00ednica Bonaque in Lorca, we offer this unique combination.            <\/div>\n        <\/div>\n                \n    <\/div>\t\t\t\t<\/div>\n\t\t\t\t<\/div>\n\t\t\t\t<\/div>\n\t\t\t\t\t<\/div>\n\t\t\t\t<\/div>\n\t\t<div class=\"elementor-element elementor-element-865b819 e-flex e-con-boxed e-con e-parent\" data-id=\"865b819\" data-element_type=\"container\">\n\t\t\t\t\t<div class=\"e-con-inner\">\n\t\t\t\t<div class=\"elementor-element elementor-element-2dbc3bb elementor-widget elementor-widget-spacer\" data-id=\"2dbc3bb\" data-element_type=\"widget\" data-widget_type=\"spacer.default\">\n\t\t\t\t<div class=\"elementor-widget-container\">\n\t\t\t\t\t\t\t<div class=\"elementor-spacer\">\n\t\t\t<div class=\"elementor-spacer-inner\"><\/div>\n\t\t<\/div>\n\t\t\t\t\t\t<\/div>\n\t\t\t\t<\/div>\n\t\t\t\t<div class=\"elementor-element elementor-element-e2cac62 elementor-widget elementor-widget-image\" data-id=\"e2cac62\" data-element_type=\"widget\" data-widget_type=\"image.default\">\n\t\t\t\t<div class=\"elementor-widget-container\">\n\t\t\t\t\t\t\t\t\t\t\t\t\t\t\t<img loading=\"lazy\" decoding=\"async\" width=\"800\" height=\"600\" src=\"https:\/\/clinicabonaque.es\/wp-content\/uploads\/2025\/03\/tempImageksddZW-1024x768.jpg\" class=\"attachment-large size-large wp-image-1582\" alt=\"\" srcset=\"https:\/\/clinicabonaque.es\/wp-content\/uploads\/2025\/03\/tempImageksddZW-1024x768.jpg 1024w, https:\/\/clinicabonaque.es\/wp-content\/uploads\/2025\/03\/tempImageksddZW-300x225.jpg 300w, https:\/\/clinicabonaque.es\/wp-content\/uploads\/2025\/03\/tempImageksddZW-768x576.jpg 768w, https:\/\/clinicabonaque.es\/wp-content\/uploads\/2025\/03\/tempImageksddZW-1536x1152.jpg 1536w, https:\/\/clinicabonaque.es\/wp-content\/uploads\/2025\/03\/tempImageksddZW-2048x1536.jpg 2048w\" sizes=\"(max-width: 800px) 100vw, 800px\" \/>\t\t\t\t\t\t\t\t\t\t\t\t\t\t\t<\/div>\n\t\t\t\t<\/div>\n\t\t\t\t\t<\/div>\n\t\t\t\t<\/div>\n\t\t\t\t<\/div>","protected":false},"excerpt":{"rendered":"<p>Fotobiomodulaci\u00f3n Terapia de Luz para tu Bienestar La fotobiomodulaci\u00f3n es un tratamiento innovador y no invasivo que utiliza luz de baja intensidad para estimular la regeneraci\u00f3n celular, reducir la inflamaci\u00f3n y aliviar el dolor. Gracias a su eficacia y seguridad, esta terapia se ha convertido en una soluci\u00f3n ideal para acelerar la recuperaci\u00f3n muscular, mejorar [&hellip;]<\/p>","protected":false},"author":1,"featured_media":0,"parent":0,"menu_order":0,"comment_status":"closed","ping_status":"closed","template":"","meta":{"postBodyMargin":[],"postBodyPadding":[],"postBodyBackground":{"backgroundType":"classic","gradient":""},"footnotes":""},"class_list":["post-1494","page","type-page","status-publish","hentry"],"_links":{"self":[{"href":"https:\/\/clinicabonaque.es\/en\/wp-json\/wp\/v2\/pages\/1494","targetHints":{"allow":["GET"]}}],"collection":[{"href":"https:\/\/clinicabonaque.es\/en\/wp-json\/wp\/v2\/pages"}],"about":[{"href":"https:\/\/clinicabonaque.es\/en\/wp-json\/wp\/v2\/types\/page"}],"author":[{"embeddable":true,"href":"https:\/\/clinicabonaque.es\/en\/wp-json\/wp\/v2\/users\/1"}],"replies":[{"embeddable":true,"href":"https:\/\/clinicabonaque.es\/en\/wp-json\/wp\/v2\/comments?post=1494"}],"version-history":[{"count":65,"href":"https:\/\/clinicabonaque.es\/en\/wp-json\/wp\/v2\/pages\/1494\/revisions"}],"predecessor-version":[{"id":2199,"href":"https:\/\/clinicabonaque.es\/en\/wp-json\/wp\/v2\/pages\/1494\/revisions\/2199"}],"wp:attachment":[{"href":"https:\/\/clinicabonaque.es\/en\/wp-json\/wp\/v2\/media?parent=1494"}],"curies":[{"name":"wp","href":"https:\/\/api.w.org\/{rel}","templated":true}]}}